{"id":188,"date":"2023-10-23T08:58:17","date_gmt":"2023-10-23T06:58:17","guid":{"rendered":"http:\/\/localhost\/disvimur\/?page_id=188"},"modified":"2024-01-04T08:17:43","modified_gmt":"2024-01-04T07:17:43","slug":"aviso-legal","status":"publish","type":"page","link":"https:\/\/disvimur.com\/?page_id=188","title":{"rendered":"Aviso legal"},"content":{"rendered":"\n<p><strong>Ley de los servicios de la sociedad de la informaci\u00f3n (LSSI)<br><\/strong>DISVIMUR DISTRIBUCIONES SLL, responsable del sitio web, en adelante RESPONSABLE, pone a disposici\u00f3n de los usuarios el presente documento, con el que pretende dar cumplimiento a las obligaciones dispuestas en la Ley 34\/2002, de 11 de julio, de Servicios de la Sociedad de la Informaci\u00f3n y de Comercio Electr\u00f3nico (LSSICE), BOE N\u00ba 166, as\u00ed como informar a todos los usuarios del sitio web respecto a cu\u00e1les son las condiciones de uso.<\/p>\n\n\n\n<p>Toda persona que acceda a este sitio web asume el papel de usuario, comprometi\u00e9ndose a la observancia y cumplimiento riguroso de las disposiciones aqu\u00ed dispuestas, as\u00ed como a cualquier otra disposici\u00f3n legal que fuera de aplicaci\u00f3n.<\/p>\n\n\n\n<p>DISVIMUR DISTRIBUCIONES SLL se reserva el derecho de modificar cualquier tipo de informaci\u00f3n que pudiera aparecer en el sitio web, sin que exista obligaci\u00f3n de preaviso, entendi\u00e9ndose como suficiente con la publicaci\u00f3n en el sitio web.<\/p>\n\n\n\n<p><strong>1. Datos identificativos<\/strong><br>Nombre de dominio:\u00a0<a href=\"http:\/\/www.disvimur.com\/\" target=\"_blank\" rel=\"noreferrer noopener\">www.disvimur.com<\/a><br>Nombre comercial: DISVIMUR DISTRIBUCIONES<br>Denominaci\u00f3n social: DISVIMUR DISTRIBUCIONES SLL<br>Domicilio social: CL MURILLO 2 3o C 30500 MOLINA DE SEGURA MURCIA<br>Tel\u00e9fono:\u00a0<a href=\"tel:671678580\" target=\"_blank\" rel=\"noreferrer noopener\">671 678 580<\/a><br>e-mail:\u00a0<a href=\"mailto:jose@disvimur.com\" target=\"_blank\" rel=\"noreferrer noopener\">jose@disvimur.com<\/a><br>CIF: B06814511<\/p>\n\n\n\n<p><strong>2. Derechos de propiedad intelectual e industrial<\/strong><br>El sitio web, incluyendo a t\u00edtulo enunciativo pero no limitativo, su programaci\u00f3n, edici\u00f3n, compilaci\u00f3n y dem\u00e1s elementos necesarios para su funcionamiento, los dise\u00f1os, logotipos, texto y\/o gr\u00e1ficos, son propiedad del RESPONSABLE o, en su caso, dispone de licencia o autorizaci\u00f3n expresa por parte de los autores. Todos los contenidos del sitio web se encuentran debidamente protegidos por la normativa de propiedad intelectual e industrial, as\u00ed como inscritos en los registros p\u00fablicos correspondientes.<br>Independientemente de la finalidad para la que fueran destinados, la reproducci\u00f3n total o parcial, uso, explotaci\u00f3n, distribuci\u00f3n y comercializaci\u00f3n, requiere en todo caso de la autorizaci\u00f3n escrita previa por parte del RESPONSABLE. Cualquier uso no autorizado previamente se considera un incumplimiento grave de los derechos de propiedad intelectual o industrial del autor.<br>Los dise\u00f1os, logotipos, texto y\/o gr\u00e1ficos ajenos al RESPONSABLE y que pudieran aparecer en el sitio web, pertenecen a sus respectivos propietarios, siendo ellos mismos responsables de cualquier posible controversia que pudiera suscitarse respecto a los mismos. El RESPONSABLE autoriza expresamente a que terceros puedan redirigir directamente a los contenidos concretos del sitio web, y en todo caso redirigir al sitio web principal de w<a rel=\"noreferrer noopener\" href=\"http:\/\/www.disvimur.com\/\" target=\"_blank\">ww.disvimur.com.<\/a><br>El RESPONSABLE reconoce a favor de sus titulares los correspondientes derechos de propiedad intelectual e industrial, no implicando su sola menci\u00f3n o aparici\u00f3n en el sitio web la existencia de derechos o responsabilidad alguna sobre los mismos, como tampoco respaldo, patrocinio o recomendaci\u00f3n por parte del mismo.<br>Para realizar cualquier tipo de observaci\u00f3n respecto a posibles incumplimientos de los derechos de propiedad intelectual o industrial, as\u00ed como sobre cualquiera de los contenidos del sitio web, puede hacerlo a trav\u00e9s del correo electr\u00f3nico j<a rel=\"noreferrer noopener\" href=\"mailto:jose@disvimur.com\" target=\"_blank\">ose@disvimur.com<\/a><\/p>\n\n\n\n<p><strong>3. Extensi\u00f3n de responsabilidades<br><\/strong>El RESPONSABLE realiza los m\u00e1ximos esfuerzos para evitar cualquier error en los contenidos de la p\u00e1gina web, por lo tanto excluye cualquier responsabilidad por da\u00f1os y perjuicios de cualquier naturaleza eventualmente derivados de:<br>La interrupci\u00f3n del funcionamiento o falta de disponibilidad de acceso a la p\u00e1gina web.<br>La privacidad y seguridad en la utilizaci\u00f3n de la p\u00e1gina web por parte del usuario y\/o el acceso no consentido de terceros no autorizados.<br>La eventual transmisi\u00f3n de elementos que afecten negativamente a los sistemas inform\u00e1ticos.<br>EL RESPONSABLE no se responsabiliza del posible uso inapropiado que terceros realicen de esta p\u00e1gina web, ni de la informaci\u00f3n que a trav\u00e9s de ella transmitan a terceros. El uso de los contenidos que pueda hacer el usuario y las eventuales consecuencias, da\u00f1os o perjuicios que puedan derivarse son de la exclusiva responsabilidad del usuario. EL RESPONSABLE se reserva el derecho de ejercitar las acciones legales que considere oportunas derivadas de cualesquiera usos il\u00edcitos por parte de terceros de los contenidos de su p\u00e1gina web.<\/p>\n\n\n\n<p><strong>Uso de Cookies<br><\/strong>Este sitio web puede utilizar cookies t\u00e9cnicas (peque\u00f1os archivos de informaci\u00f3n que el servidor env\u00eda al ordenador de quien accede a la p\u00e1gina) para llevar a cabo determinadas funciones que son consideradas imprescindibles para el correcto funcionamiento y visualizaci\u00f3n del sitio. Las cookies utilizadas tienen, en todo caso, car\u00e1cter temporal, con la \u00fanica finalidad de hacer m\u00e1s eficaz la navegaci\u00f3n, y desaparecen al terminar la sesi\u00f3n del usuario. En ning\u00fan caso, estas cookies proporcionan por s\u00ed mismas datos de car\u00e1cter personal y no se utilizar\u00e1n para la recogida de los mismos.<br>Mediante el uso de cookies tambi\u00e9n es posible que el servidor donde se encuentra la web reconozca el navegador utilizado por el usuario con la finalidad de que la navegaci\u00f3n sea m\u00e1s sencilla, permitiendo, por ejemplo, el acceso de los usuarios que se hayan registrado previamente a las \u00e1reas, servicios, promociones o concursos reservados exclusivamente a ellos sin tener que registrarse en cada visita. Tambi\u00e9n se pueden utilizar para medir la audiencia, par\u00e1metros de tr\u00e1fico, controlar el progreso y n\u00famero de entradas, etc, siendo en estos casos cookies prescindibles t\u00e9cnicamente pero beneficiosas para el usuario. Este sitio web no instalar\u00e1 cookies prescindibles sin el consentimiento previo del usuario.<br>El usuario tiene la posibilidad de configurar su navegador para ser alertado de la recepci\u00f3n de cookies y para impedir su instalaci\u00f3n en su equipo. Por favor, consulte las instrucciones de su navegador para ampliar esta informaci\u00f3n.<br><br><strong>Pol\u00edtica de enlaces<br><\/strong>Desde el sitio web, es posible que se redirija a contenidos de terceros sitios web. Dado que el RESPONSABLE no puede controlar siempre los contenidos introducidos por los terceros en sus respectivos sitios web, no asume ning\u00fan tipo de responsabilidad respecto a dichos contenidos. En todo caso, proceder\u00e1 a la retirada inmediata de cualquier contenido que pudiera contravenir la legislaci\u00f3n nacional o internacional, la moral o el orden p\u00fablico, poniendo en conocimiento de las autoridades competentes el contenido en cuesti\u00f3n.<br>El RESPONSABLE no se hace responsable de la informaci\u00f3n y contenidos almacenados, a t\u00edtulo enunciativo pero no limitativo, en foros, chats, generadores de blogs, comentarios, redes sociales o cualquier otro medio que permita a terceros publicar contenidos de forma independiente en la p\u00e1gina web del RESPONSABLE. Sin embargo, y en cumplimiento de lo dispuesto en los art\u00edculos 11 y 16 de la LSSICE, se pone a disposici\u00f3n de todos los usuarios, autoridades y fuerzas de seguridad, colaborando de forma activa en la retirada o, en su caso, bloqueo de todos aquellos contenidos que puedan afectar o contravenir la legislaci\u00f3n nacional o internacional, los derechos de terceros o la moral y el orden p\u00fablico. En caso de que el usuario considere que existe en el sitio web alg\u00fan contenido que pudiera ser susceptible de esta clasificaci\u00f3n, se ruega lo notifique de forma inmediata al administrador del sitio web.<br><br><strong>Direcciones IP<\/strong><br>Los servidores del sitio web podr\u00e1n detectar de manera autom\u00e1tica la direcci\u00f3n IP y el nombre de dominio utilizados por el usuario. Una direcci\u00f3n IP es un n\u00famero asignado autom\u00e1ticamente a un ordenador cuando \u00e9ste se conecta a Internet. Toda esta informaci\u00f3n es registrada en un fichero de actividad del servidor debidamente inscrito que permite el posterior procesamiento de los datos con el fin de obtener mediciones \u00fanicamente estad\u00edsticas que permitan conocer el n\u00famero de impresiones de p\u00e1ginas, el n\u00famero de visitas realizadas a los servidores web, el orden de visitas, el punto de acceso, etc.<\/p>\n\n\n\n<p><strong>4. Ley aplicable y jurisdicci\u00f3n<br><\/strong>Para la resoluci\u00f3n de todas las controversias o cuestiones relacionadas con el presente sitio web o de las actividades en \u00e9l desarrolladas, ser\u00e1 de aplicaci\u00f3n la legislaci\u00f3n espa\u00f1ola vigente y se someter\u00e1 a los Juzgados y Tribunales espa\u00f1oles.<br>Reclamaciones de litigios en l\u00ednea (Online Dispute Resolution)<br>Para la resoluci\u00f3n de litigios en l\u00ednea en materia de consumo, conforme al Art. 14.1 del Reglamento (UE) 524\/2013, la Comisi\u00f3n Europea facilita una plataforma de resoluci\u00f3n de litigios en l\u00ednea que se encuentra disponible en el siguiente enlace: h<a rel=\"noreferrer noopener\" href=\"http:\/\/ec.europa.eu\/consumers\/odr\/\" target=\"_blank\">ttp:\/\/ec.europa.eu\/consumers\/odr\/<\/a><br><br><strong>Informaci\u00f3n general<br><\/strong>La utilizaci\u00f3n de nuestra web le atribuye la condici\u00f3n de usuario y supone la aceptaci\u00f3n plena y sin reservas por el Usuario de todas y cada una de las Condiciones Generales en la versi\u00f3n publicada por Disvimur Distribuciones SLL, en el momento mismo en el que el Usuario acceda a nuestra Web Site, as\u00ed como nuestra pol\u00edtica de privacidad y tratamiento de datos personales. El Usuario debe leer atentamente las Condiciones Generales en cada una de las ocasiones en que se proponga utilizar nuestra web, el uso del servicio se encuentra sometida igualmente a todos los avisos, reglamentos de uso e instrucciones puestos en conocimiento del Usuario por Disvimur Distribuciones SLL previsto en estas Condiciones Generales, en cuanto no se opongan a ellos.<br><br><strong>Legislaci\u00f3n<\/strong><br>El Usuario queda informado y acepta que el acceso a la presente Web no supone, en modo alguno el inicio de una relaci\u00f3n comercial. La empresa se reserva el derecho de efectuar sin previo aviso las modificaciones que considere oportunas en su Web Site, pudiendo suprimir, modificar o a\u00f1adir tanto los contenidos y servicios que se presten a trav\u00e9s de la misma, como la forma en la que \u00e9stos aparezcan presentados o localizados en sus servidores.<\/p>\n\n\n\n<p><\/p>\n","protected":false},"excerpt":{"rendered":"<p>Ley de los servicios de la sociedad de la informaci\u00f3n (LSSI)DISVIMUR DISTRIBUCIONES SLL, responsable del sitio web, en adelante RESPONSABLE, pone a disposici\u00f3n de los usuarios el presente documento, con &hellip; <\/p>\n","protected":false},"author":1,"featured_media":0,"parent":0,"menu_order":0,"comment_status":"closed","ping_status":"closed","template":"","meta":{"footnotes":""},"class_list":["post-188","page","type-page","status-publish","hentry"],"yoast_head":"<!-- This site is optimized with the Yoast SEO plugin v21.7 - https:\/\/yoast.com\/wordpress\/plugins\/seo\/ -->\n<title>Aviso legal - Disvimur<\/title>\n<meta name=\"robots\" content=\"index, follow, max-snippet:-1, max-image-preview:large, max-video-preview:-1\" \/>\n<link rel=\"canonical\" href=\"https:\/\/disvimur.com\/?page_id=188\" \/>\n<meta property=\"og:locale\" content=\"es_ES\" \/>\n<meta property=\"og:type\" content=\"article\" \/>\n<meta property=\"og:title\" content=\"Aviso legal - Disvimur\" \/>\n<meta property=\"og:description\" content=\"Ley de los servicios de la sociedad de la informaci\u00f3n (LSSI)DISVIMUR DISTRIBUCIONES SLL, responsable del sitio web, en adelante RESPONSABLE, pone a disposici\u00f3n de los usuarios el presente documento, con &hellip;\" \/>\n<meta property=\"og:url\" content=\"https:\/\/disvimur.com\/?page_id=188\" \/>\n<meta property=\"og:site_name\" content=\"Disvimur\" \/>\n<meta property=\"article:modified_time\" content=\"2024-01-04T07:17:43+00:00\" \/>\n<meta name=\"twitter:card\" content=\"summary_large_image\" \/>\n<meta name=\"twitter:label1\" content=\"Tiempo de lectura\" \/>\n\t<meta name=\"twitter:data1\" content=\"7 minutos\" \/>\n<script type=\"application\/ld+json\" class=\"yoast-schema-graph\">{\"@context\":\"https:\/\/schema.org\",\"@graph\":[{\"@type\":\"WebPage\",\"@id\":\"https:\/\/disvimur.com\/?page_id=188\",\"url\":\"https:\/\/disvimur.com\/?page_id=188\",\"name\":\"Aviso legal - Disvimur\",\"isPartOf\":{\"@id\":\"https:\/\/disvimur.com\/#website\"},\"datePublished\":\"2023-10-23T06:58:17+00:00\",\"dateModified\":\"2024-01-04T07:17:43+00:00\",\"breadcrumb\":{\"@id\":\"https:\/\/disvimur.com\/?page_id=188#breadcrumb\"},\"inLanguage\":\"es\",\"potentialAction\":[{\"@type\":\"ReadAction\",\"target\":[\"https:\/\/disvimur.com\/?page_id=188\"]}]},{\"@type\":\"BreadcrumbList\",\"@id\":\"https:\/\/disvimur.com\/?page_id=188#breadcrumb\",\"itemListElement\":[{\"@type\":\"ListItem\",\"position\":1,\"name\":\"Portada\",\"item\":\"https:\/\/disvimur.com\/\"},{\"@type\":\"ListItem\",\"position\":2,\"name\":\"Aviso legal\"}]},{\"@type\":\"WebSite\",\"@id\":\"https:\/\/disvimur.com\/#website\",\"url\":\"https:\/\/disvimur.com\/\",\"name\":\"Disvimur\",\"description\":\"\",\"publisher\":{\"@id\":\"https:\/\/disvimur.com\/#organization\"},\"potentialAction\":[{\"@type\":\"SearchAction\",\"target\":{\"@type\":\"EntryPoint\",\"urlTemplate\":\"https:\/\/disvimur.com\/?s={search_term_string}\"},\"query-input\":\"required name=search_term_string\"}],\"inLanguage\":\"es\"},{\"@type\":\"Organization\",\"@id\":\"https:\/\/disvimur.com\/#organization\",\"name\":\"Disvimur\",\"url\":\"https:\/\/disvimur.com\/\",\"logo\":{\"@type\":\"ImageObject\",\"inLanguage\":\"es\",\"@id\":\"https:\/\/disvimur.com\/#\/schema\/logo\/image\/\",\"url\":\"https:\/\/disvimur.com\/wp-content\/uploads\/2023\/11\/cropped-logo-2.png\",\"contentUrl\":\"https:\/\/disvimur.com\/wp-content\/uploads\/2023\/11\/cropped-logo-2.png\",\"width\":1358,\"height\":1050,\"caption\":\"Disvimur\"},\"image\":{\"@id\":\"https:\/\/disvimur.com\/#\/schema\/logo\/image\/\"}}]}<\/script>\n<!-- \/ Yoast SEO plugin. -->","yoast_head_json":{"title":"Aviso legal - Disvimur","robots":{"index":"index","follow":"follow","max-snippet":"max-snippet:-1","max-image-preview":"max-image-preview:large","max-video-preview":"max-video-preview:-1"},"canonical":"https:\/\/disvimur.com\/?page_id=188","og_locale":"es_ES","og_type":"article","og_title":"Aviso legal - Disvimur","og_description":"Ley de los servicios de la sociedad de la informaci\u00f3n (LSSI)DISVIMUR DISTRIBUCIONES SLL, responsable del sitio web, en adelante RESPONSABLE, pone a disposici\u00f3n de los usuarios el presente documento, con &hellip;","og_url":"https:\/\/disvimur.com\/?page_id=188","og_site_name":"Disvimur","article_modified_time":"2024-01-04T07:17:43+00:00","twitter_card":"summary_large_image","twitter_misc":{"Tiempo de lectura":"7 minutos"},"schema":{"@context":"https:\/\/schema.org","@graph":[{"@type":"WebPage","@id":"https:\/\/disvimur.com\/?page_id=188","url":"https:\/\/disvimur.com\/?page_id=188","name":"Aviso legal - Disvimur","isPartOf":{"@id":"https:\/\/disvimur.com\/#website"},"datePublished":"2023-10-23T06:58:17+00:00","dateModified":"2024-01-04T07:17:43+00:00","breadcrumb":{"@id":"https:\/\/disvimur.com\/?page_id=188#breadcrumb"},"inLanguage":"es","potentialAction":[{"@type":"ReadAction","target":["https:\/\/disvimur.com\/?page_id=188"]}]},{"@type":"BreadcrumbList","@id":"https:\/\/disvimur.com\/?page_id=188#breadcrumb","itemListElement":[{"@type":"ListItem","position":1,"name":"Portada","item":"https:\/\/disvimur.com\/"},{"@type":"ListItem","position":2,"name":"Aviso legal"}]},{"@type":"WebSite","@id":"https:\/\/disvimur.com\/#website","url":"https:\/\/disvimur.com\/","name":"Disvimur","description":"","publisher":{"@id":"https:\/\/disvimur.com\/#organization"},"potentialAction":[{"@type":"SearchAction","target":{"@type":"EntryPoint","urlTemplate":"https:\/\/disvimur.com\/?s={search_term_string}"},"query-input":"required name=search_term_string"}],"inLanguage":"es"},{"@type":"Organization","@id":"https:\/\/disvimur.com\/#organization","name":"Disvimur","url":"https:\/\/disvimur.com\/","logo":{"@type":"ImageObject","inLanguage":"es","@id":"https:\/\/disvimur.com\/#\/schema\/logo\/image\/","url":"https:\/\/disvimur.com\/wp-content\/uploads\/2023\/11\/cropped-logo-2.png","contentUrl":"https:\/\/disvimur.com\/wp-content\/uploads\/2023\/11\/cropped-logo-2.png","width":1358,"height":1050,"caption":"Disvimur"},"image":{"@id":"https:\/\/disvimur.com\/#\/schema\/logo\/image\/"}}]}},"jetpack_sharing_enabled":true,"_links":{"self":[{"href":"https:\/\/disvimur.com\/index.php?rest_route=\/wp\/v2\/pages\/188","targetHints":{"allow":["GET"]}}],"collection":[{"href":"https:\/\/disvimur.com\/index.php?rest_route=\/wp\/v2\/pages"}],"about":[{"href":"https:\/\/disvimur.com\/index.php?rest_route=\/wp\/v2\/types\/page"}],"author":[{"embeddable":true,"href":"https:\/\/disvimur.com\/index.php?rest_route=\/wp\/v2\/users\/1"}],"replies":[{"embeddable":true,"href":"https:\/\/disvimur.com\/index.php?rest_route=%2Fwp%2Fv2%2Fcomments&post=188"}],"version-history":[{"count":7,"href":"https:\/\/disvimur.com\/index.php?rest_route=\/wp\/v2\/pages\/188\/revisions"}],"predecessor-version":[{"id":609,"href":"https:\/\/disvimur.com\/index.php?rest_route=\/wp\/v2\/pages\/188\/revisions\/609"}],"wp:attachment":[{"href":"https:\/\/disvimur.com\/index.php?rest_route=%2Fwp%2Fv2%2Fmedia&parent=188"}],"curies":[{"name":"wp","href":"https:\/\/api.w.org\/{rel}","templated":true}]}}