{"id":11,"date":"2023-10-23T09:05:54","date_gmt":"2023-10-23T07:05:54","guid":{"rendered":"http:\/\/localhost\/disvimur\/?page_id=11"},"modified":"2023-10-23T09:21:39","modified_gmt":"2023-10-23T07:21:39","slug":"condiciones-compra","status":"publish","type":"page","link":"https:\/\/disvimur.com\/?page_id=11","title":{"rendered":"Condiciones de compra, devoluci\u00f3n y env\u00edos"},"content":{"rendered":"\n<p>Puede ponerse en contacto con nosotros de la manera m\u00e1s c\u00f3moda que le resulte:<\/p>\n\n\n\n<p>TEL\u00c9FONO:\u00a0<a rel=\"noreferrer noopener\" href=\"tel:(34)671678580\" target=\"_blank\">(34) 671 678 580<\/a>\u00a0horario de 9 a 14 h., 16 a 20 h.<br>DIRECCI\u00d3N: CL Murillo, 2 3o C, 30500 Molina de Segura (Murcia)<br>EMAIL:\u00a0<a rel=\"noreferrer noopener\" href=\"mailto:jose@disvimur.com\" target=\"_blank\">jose@disvimur.com<\/a><\/p>\n\n\n\n<p><strong>CONDICIONES DE COMPRA<\/strong><\/p>\n\n\n\n<p><strong>Requisito obligatorio para comprar en esta web<br><\/strong>Para ser usuario de esta web y comprar los productos expuestos, debe ser obligatoriamente mayor de 18 a\u00f1os. Verificaremos esta condici\u00f3n una vez se registre en nuestra web, ya sea para recibir informaci\u00f3n o efectuar una compra.<\/p>\n\n\n\n<p><strong>Precio<\/strong><br>Todos nuestros precios incluyen el IVA u otros impuestos que puedan ser aplicables. Estos precios no incluyen conceptos como env\u00edo, manipulaci\u00f3n o cualquiera otros servicios adicionales y anexos al producto adquirido.<\/p>\n\n\n\n<p><strong>Disponibilidad del producto<\/strong><br>Todos los productos de nuestra tienda suelen est\u00e1n disponibles. Si por razones puntuales de stock no lo estuviesen, no habr\u00eda posibilidad de realizar su compra, aunque s\u00ed de consultar su precio y caracter\u00edsticas. En el caso de que se agoten las existencias de un producto en el momento de realizar su pedido, y no hayamos podido actualizar esta informaci\u00f3n en la tienda, nos pondremos en contacto con usted inmediatamente para informarle del tiempo de espera y\/o proponerle un art\u00edculo similar.<\/p>\n\n\n\n<p><strong>Entrega<\/strong><br>Solo se realizan env\u00edos dentro del territorio nacional. Una vez confirmado el pedido y se haya recibido el cobro del mismo, se establece un plazo de entrega de 48 horas, no contempl\u00e1ndose en ese plazo los s\u00e1bados, domingos y festivos. Adem\u00e1s de los datos de env\u00edo completos, necesitamos un n\u00famero de tel\u00e9fono de contacto, que \u00fanicamente se usar\u00e1 por la agencia de transporte para confirmar con el cliente hora de entrega.<br>Como tienda de confianza, nuestros productos se protegen con el embalaje adecuado, evitando que los golpes y vibraciones da\u00f1en el producto. En cualquier caso, si en la recepci\u00f3n del pedido observa rotura o deterioro, no debe aceptarlo. En cuanto tengamos conocimiento de la incidencia por parte de la agencia, contactaremos con usted para solucionar el tema, bien con el reembolso del importe o bien con un nuevo env\u00edo.<\/p>\n\n\n\n<p><strong>Derechos de desistimiento<br><\/strong>En cualquier caso, y ante cualquier incidencia, es necesario que se ponga en contacto con nosotros a trav\u00e9s de nuestro tel\u00e9fono\u00a0<a rel=\"noreferrer noopener\" href=\"tel:671678580\" target=\"_blank\">671 678 580<\/a>\u00a0o bien del correo electr\u00f3nico\u00a0<a rel=\"noreferrer noopener\" href=\"mailto:jose@disvimur.com\" target=\"_blank\">jose@disvimur.com<\/a>, en un periodo m\u00e1ximo de 14 d\u00edas naturales desde la recepci\u00f3n del pedido para su devoluci\u00f3n (art. 71 de la Ley 3\/2014 de 27 de Marzo) indicando, a efectos de identificaci\u00f3n y gesti\u00f3n, la cuenta de correo electr\u00f3nico utilizado para la compra, as\u00ed como el n\u00famero de pedido. Disvimur Distribuciones SLL contestar\u00e1 al usuario especificando las instrucciones precisas para el ejercicio del derecho de desistimiento.<br>En cualquier caso, no aceptaremos cambios o devoluciones si previamente no hemos recibido notificaci\u00f3n.<br>El derecho de desistimiento no podr\u00e1 aplicarse en los siguientes casos:<br>\u2013 Si el producto no se presenta en perfectas condiciones.<br>\u2013 Si los embalajes del producto no son los originales o estos no se encuentran en perfecto estado.<br>\u2013 Cuando el producto est\u00e9 abierto o desprecintado.<br>\u2013 Cuando de alguna forma se haya personalizado el producto.<\/p>\n\n\n\n<p><strong>Transportes y gastos de env\u00edo<br><\/strong>Una vez confirmado el pedido, y se efect\u00fae el cobro del mismo, se establece un plazo de entrega de 24\/48 horas en Espa\u00f1a, no contempl\u00e1ndose los s\u00e1bados, domingos y festivos. Siempre se realizar\u00e1n las entregas de lunes a viernes.<br>Las tarifas que se detallan a continuaci\u00f3n incluyen adem\u00e1s del transporte de los productos solicitados, su embalaje en cajas especiales dise\u00f1adas tanto para transportar botellas, como cestas navide\u00f1as, jamoneras, bandejas, lotes y estuches y el seguro contra p\u00e9rdida o rotura.<br>Los portes se aplicar\u00e1n a la Pen\u00ednsula Ib\u00e9rica, para otros destinos consulte con nosotros.<\/p>\n\n\n\n<p><strong>Detalle de portes<\/strong><\/p>\n\n\n\n<p>Desglose por pesos<br>0.001 a 2 Kg.: 8.09 \u20ac<br>2.001 a 5 Kg.: 11.45 \u20ac<br>5.001 a 10 Kg.: 16.38 \u20ac<br>10.001 a 15 Kg.: 21.31 \u20ac<br>15.001 a 20 Kg.: 26.24 \u20ac<br>20.001 a 25 Kg.: 31.16 \u20ac<br>25.001 a 30 Kg.: 36.09 \u20ac<br>30.001 a 40 kg.: 41.02 \u20ac<br>Resto de pesos consulte con nosotros precio.<\/p>\n\n\n\n<p><strong>Formas de pago<\/strong><br>Teniendo en cuenta que uno de los grandes obst\u00e1culos de las operaciones online es el pago, hemos seguido una serie de principios para garantizar la total fiabilidad de las operaciones que se realicen con nosotros, estos son los siguientes:<br>&#8211; CONFIDENCIALIDAD: ninguna persona ajena a la compra-venta puede tener acceso a la informaci\u00f3n recibida o enviada.<br>&#8211; INTEGRIDAD: los datos enviados deben ser iguales que los datos recibidos, sin que puedan ser manipulados por el receptor una vez finalizada la operaci\u00f3n. AUTENTICIDAD: se debe garantizar que las partes implicadas en la compra-venta son quien realmente dicen ser.<br>Tenemos entonces la posibilidad de usar medios tradicionales de pago o medios de pago online que garantizan el cumplimiento de los principios anteriores.<\/p>\n\n\n\n<p><br><strong>Medios de Pago Tradicionales<\/strong><br>&#8211; TRANSFERENCIA BANCARIA: Es una operaci\u00f3n que forma parte del servicio de caja que el banco suele ofrecer a su clientela, en virtud del cual el cliente ordena a su banco que con cargo a su cuenta pague una deuda a su acreedor, el cual a su vez es cliente del mismo banco o de otro banco, y que verifica las correspondientes operaciones contables de cargo y abono en sus respectivas cuentas.<br>&#8211; EFECTIVO. Siempre que no se superen los l\u00edmites legales de pagos en efectivo<br>Medios de pago online<br>&#8211; TPVV GARANTIZADO: Utiliza tecnolog\u00eda CES Comercio Electr\u00f3nico Seguro, consiste en que una vez que el comercio env\u00eda datos de pago al banco, \u00e9ste contacta directamente con el mismo confirmando la operaci\u00f3n y evitando as\u00ed el repudio.<\/p>\n\n\n\n<p>En la actualidad los dos medios de pago m\u00e1s utilizados son la transferencia bancaria y el pago con tarjeta.<\/p>\n","protected":false},"excerpt":{"rendered":"<p>Puede ponerse en contacto con nosotros de la manera m\u00e1s c\u00f3moda que le resulte: TEL\u00c9FONO:\u00a0(34) 671 678 580\u00a0horario de 9 a 14 h., 16 a 20 h.DIRECCI\u00d3N: CL Murillo, 2 &hellip; <\/p>\n","protected":false},"author":1,"featured_media":0,"parent":0,"menu_order":0,"comment_status":"closed","ping_status":"closed","template":"","meta":{"footnotes":""},"class_list":["post-11","page","type-page","status-publish","hentry"],"yoast_head":"<!-- This site is optimized with the Yoast SEO plugin v21.7 - https:\/\/yoast.com\/wordpress\/plugins\/seo\/ -->\n<title>Condiciones de compra, devoluci\u00f3n y env\u00edos - Disvimur<\/title>\n<meta name=\"robots\" content=\"index, follow, max-snippet:-1, max-image-preview:large, max-video-preview:-1\" \/>\n<link rel=\"canonical\" href=\"https:\/\/disvimur.com\/?page_id=11\" \/>\n<meta property=\"og:locale\" content=\"es_ES\" \/>\n<meta property=\"og:type\" content=\"article\" \/>\n<meta property=\"og:title\" content=\"Condiciones de compra, devoluci\u00f3n y env\u00edos - Disvimur\" \/>\n<meta property=\"og:description\" content=\"Puede ponerse en contacto con nosotros de la manera m\u00e1s c\u00f3moda que le resulte: TEL\u00c9FONO:\u00a0(34) 671 678 580\u00a0horario de 9 a 14 h., 16 a 20 h.DIRECCI\u00d3N: CL Murillo, 2 &hellip;\" \/>\n<meta property=\"og:url\" content=\"https:\/\/disvimur.com\/?page_id=11\" \/>\n<meta property=\"og:site_name\" content=\"Disvimur\" \/>\n<meta property=\"article:modified_time\" content=\"2023-10-23T07:21:39+00:00\" \/>\n<meta name=\"twitter:card\" content=\"summary_large_image\" \/>\n<meta name=\"twitter:label1\" content=\"Tiempo de lectura\" \/>\n\t<meta name=\"twitter:data1\" content=\"5 minutos\" \/>\n<script type=\"application\/ld+json\" class=\"yoast-schema-graph\">{\"@context\":\"https:\/\/schema.org\",\"@graph\":[{\"@type\":\"WebPage\",\"@id\":\"https:\/\/disvimur.com\/?page_id=11\",\"url\":\"https:\/\/disvimur.com\/?page_id=11\",\"name\":\"Condiciones de compra, devoluci\u00f3n y env\u00edos - Disvimur\",\"isPartOf\":{\"@id\":\"https:\/\/disvimur.com\/#website\"},\"datePublished\":\"2023-10-23T07:05:54+00:00\",\"dateModified\":\"2023-10-23T07:21:39+00:00\",\"breadcrumb\":{\"@id\":\"https:\/\/disvimur.com\/?page_id=11#breadcrumb\"},\"inLanguage\":\"es\",\"potentialAction\":[{\"@type\":\"ReadAction\",\"target\":[\"https:\/\/disvimur.com\/?page_id=11\"]}]},{\"@type\":\"BreadcrumbList\",\"@id\":\"https:\/\/disvimur.com\/?page_id=11#breadcrumb\",\"itemListElement\":[{\"@type\":\"ListItem\",\"position\":1,\"name\":\"Portada\",\"item\":\"https:\/\/disvimur.com\/\"},{\"@type\":\"ListItem\",\"position\":2,\"name\":\"Condiciones de compra, devoluci\u00f3n y env\u00edos\"}]},{\"@type\":\"WebSite\",\"@id\":\"https:\/\/disvimur.com\/#website\",\"url\":\"https:\/\/disvimur.com\/\",\"name\":\"Disvimur\",\"description\":\"\",\"publisher\":{\"@id\":\"https:\/\/disvimur.com\/#organization\"},\"potentialAction\":[{\"@type\":\"SearchAction\",\"target\":{\"@type\":\"EntryPoint\",\"urlTemplate\":\"https:\/\/disvimur.com\/?s={search_term_string}\"},\"query-input\":\"required name=search_term_string\"}],\"inLanguage\":\"es\"},{\"@type\":\"Organization\",\"@id\":\"https:\/\/disvimur.com\/#organization\",\"name\":\"Disvimur\",\"url\":\"https:\/\/disvimur.com\/\",\"logo\":{\"@type\":\"ImageObject\",\"inLanguage\":\"es\",\"@id\":\"https:\/\/disvimur.com\/#\/schema\/logo\/image\/\",\"url\":\"https:\/\/disvimur.com\/wp-content\/uploads\/2023\/11\/cropped-logo-2.png\",\"contentUrl\":\"https:\/\/disvimur.com\/wp-content\/uploads\/2023\/11\/cropped-logo-2.png\",\"width\":1358,\"height\":1050,\"caption\":\"Disvimur\"},\"image\":{\"@id\":\"https:\/\/disvimur.com\/#\/schema\/logo\/image\/\"}}]}<\/script>\n<!-- \/ Yoast SEO plugin. -->","yoast_head_json":{"title":"Condiciones de compra, devoluci\u00f3n y env\u00edos - Disvimur","robots":{"index":"index","follow":"follow","max-snippet":"max-snippet:-1","max-image-preview":"max-image-preview:large","max-video-preview":"max-video-preview:-1"},"canonical":"https:\/\/disvimur.com\/?page_id=11","og_locale":"es_ES","og_type":"article","og_title":"Condiciones de compra, devoluci\u00f3n y env\u00edos - Disvimur","og_description":"Puede ponerse en contacto con nosotros de la manera m\u00e1s c\u00f3moda que le resulte: TEL\u00c9FONO:\u00a0(34) 671 678 580\u00a0horario de 9 a 14 h., 16 a 20 h.DIRECCI\u00d3N: CL Murillo, 2 &hellip;","og_url":"https:\/\/disvimur.com\/?page_id=11","og_site_name":"Disvimur","article_modified_time":"2023-10-23T07:21:39+00:00","twitter_card":"summary_large_image","twitter_misc":{"Tiempo de lectura":"5 minutos"},"schema":{"@context":"https:\/\/schema.org","@graph":[{"@type":"WebPage","@id":"https:\/\/disvimur.com\/?page_id=11","url":"https:\/\/disvimur.com\/?page_id=11","name":"Condiciones de compra, devoluci\u00f3n y env\u00edos - Disvimur","isPartOf":{"@id":"https:\/\/disvimur.com\/#website"},"datePublished":"2023-10-23T07:05:54+00:00","dateModified":"2023-10-23T07:21:39+00:00","breadcrumb":{"@id":"https:\/\/disvimur.com\/?page_id=11#breadcrumb"},"inLanguage":"es","potentialAction":[{"@type":"ReadAction","target":["https:\/\/disvimur.com\/?page_id=11"]}]},{"@type":"BreadcrumbList","@id":"https:\/\/disvimur.com\/?page_id=11#breadcrumb","itemListElement":[{"@type":"ListItem","position":1,"name":"Portada","item":"https:\/\/disvimur.com\/"},{"@type":"ListItem","position":2,"name":"Condiciones de compra, devoluci\u00f3n y env\u00edos"}]},{"@type":"WebSite","@id":"https:\/\/disvimur.com\/#website","url":"https:\/\/disvimur.com\/","name":"Disvimur","description":"","publisher":{"@id":"https:\/\/disvimur.com\/#organization"},"potentialAction":[{"@type":"SearchAction","target":{"@type":"EntryPoint","urlTemplate":"https:\/\/disvimur.com\/?s={search_term_string}"},"query-input":"required name=search_term_string"}],"inLanguage":"es"},{"@type":"Organization","@id":"https:\/\/disvimur.com\/#organization","name":"Disvimur","url":"https:\/\/disvimur.com\/","logo":{"@type":"ImageObject","inLanguage":"es","@id":"https:\/\/disvimur.com\/#\/schema\/logo\/image\/","url":"https:\/\/disvimur.com\/wp-content\/uploads\/2023\/11\/cropped-logo-2.png","contentUrl":"https:\/\/disvimur.com\/wp-content\/uploads\/2023\/11\/cropped-logo-2.png","width":1358,"height":1050,"caption":"Disvimur"},"image":{"@id":"https:\/\/disvimur.com\/#\/schema\/logo\/image\/"}}]}},"jetpack_sharing_enabled":true,"_links":{"self":[{"href":"https:\/\/disvimur.com\/index.php?rest_route=\/wp\/v2\/pages\/11","targetHints":{"allow":["GET"]}}],"collection":[{"href":"https:\/\/disvimur.com\/index.php?rest_route=\/wp\/v2\/pages"}],"about":[{"href":"https:\/\/disvimur.com\/index.php?rest_route=\/wp\/v2\/types\/page"}],"author":[{"embeddable":true,"href":"https:\/\/disvimur.com\/index.php?rest_route=\/wp\/v2\/users\/1"}],"replies":[{"embeddable":true,"href":"https:\/\/disvimur.com\/index.php?rest_route=%2Fwp%2Fv2%2Fcomments&post=11"}],"version-history":[{"count":5,"href":"https:\/\/disvimur.com\/index.php?rest_route=\/wp\/v2\/pages\/11\/revisions"}],"predecessor-version":[{"id":197,"href":"https:\/\/disvimur.com\/index.php?rest_route=\/wp\/v2\/pages\/11\/revisions\/197"}],"wp:attachment":[{"href":"https:\/\/disvimur.com\/index.php?rest_route=%2Fwp%2Fv2%2Fmedia&parent=11"}],"curies":[{"name":"wp","href":"https:\/\/api.w.org\/{rel}","templated":true}]}}